{"id":1624,"date":"2021-09-29T07:34:49","date_gmt":"2021-09-29T10:34:49","guid":{"rendered":"https:\/\/gurutotal.com\/sistema\/?page_id=1624"},"modified":"2021-09-29T07:34:49","modified_gmt":"2021-09-29T10:34:49","slug":"sistema","status":"publish","type":"page","link":"https:\/\/gurutotal.com\/sistema\/","title":{"rendered":"Sistema"},"content":{"rendered":"Conte\u00fado Restrito, fa\u00e7a login ou assine","protected":false},"excerpt":{"rendered":"<p>Conte\u00fado Restrito, fa\u00e7a login ou assine<\/p>\n","protected":false},"author":2,"featured_media":0,"parent":0,"menu_order":0,"comment_status":"closed","ping_status":"closed","template":"","meta":[],"_links":{"self":[{"href":"https:\/\/gurutotal.com\/sistema\/wp-json\/wp\/v2\/pages\/1624"}],"collection":[{"href":"https:\/\/gurutotal.com\/sistema\/wp-json\/wp\/v2\/pages"}],"about":[{"href":"https:\/\/gurutotal.com\/sistema\/wp-json\/wp\/v2\/types\/page"}],"author":[{"embeddable":true,"href":"https:\/\/gurutotal.com\/sistema\/wp-json\/wp\/v2\/users\/2"}],"replies":[{"embeddable":true,"href":"https:\/\/gurutotal.com\/sistema\/wp-json\/wp\/v2\/comments?post=1624"}],"version-history":[{"count":1,"href":"https:\/\/gurutotal.com\/sistema\/wp-json\/wp\/v2\/pages\/1624\/revisions"}],"predecessor-version":[{"id":1625,"href":"https:\/\/gurutotal.com\/sistema\/wp-json\/wp\/v2\/pages\/1624\/revisions\/1625"}],"wp:attachment":[{"href":"https:\/\/gurutotal.com\/sistema\/wp-json\/wp\/v2\/media?parent=1624"}],"curies":[{"name":"wp","href":"https:\/\/api.w.org\/{rel}","templated":true}]}}